{"id":2107,"date":"2019-08-06T15:18:05","date_gmt":"2019-08-06T13:18:05","guid":{"rendered":"https:\/\/waxholmshamn.se\/partner\/"},"modified":"2025-10-24T15:30:56","modified_gmt":"2025-10-24T13:30:56","slug":"partner","status":"publish","type":"page","link":"https:\/\/waxholmshamn.se\/sv\/partner\/","title":{"rendered":"Partner"},"content":{"rendered":"<div class=\"wpb-content-wrapper\"><p>[vc_row css_animation=&#8221;&#8221; row_type=&#8221;row&#8221; use_row_as_full_screen_section=&#8221;no&#8221; type=&#8221;grid&#8221; angled_section=&#8221;no&#8221; text_align=&#8221;left&#8221; background_image_as_pattern=&#8221;without_pattern&#8221; el_class=&#8221;row-with-separator&#8221; z_index=&#8221;&#8221; css=&#8221;.vc_custom_1566557782633{padding-top: 80px !important;padding-bottom: 100px !important;}&#8221;][vc_column css=&#8221;.vc_custom_1516792023205{margin-top: 0px !important;margin-right: 0px !important;margin-bottom: 0px !important;margin-left: 0px !important;padding-right: 0px !important;padding-left: 0px !important;}&#8221;][qode_elements_holder number_of_columns=&#8221;two_columns&#8221; switch_to_one_column=&#8221;1000&#8243;][qode_elements_holder_item item_padding=&#8221;0 10%&#8221; advanced_animations=&#8221;no&#8221; item_padding_1280_1440=&#8221;0% 5% 35% 9%&#8221; item_padding_1024_1280=&#8221;14% 4% 46% 8%&#8221; item_padding_768_1024=&#8221;0% 0% 30% 7%&#8221; item_padding_600_768=&#8221;15% 9% 32%&#8221; item_padding_480_600=&#8221;16% 0% 33%&#8221; item_padding_480=&#8221;16% 0% 33%&#8221; custom_class=&#8221;welcome&#8221;][vc_column_text]<\/p>\n<h1><strong>Vi \u00e4r stolta \u00f6ver att vara partner med<\/strong><\/h1>\n<p>[\/vc_column_text][vc_empty_space height=&#8221;26px&#8221;][vc_column_text]<strong>Succ\u00e9 Event<\/strong><br \/>\nAlltid p\u00e5 resande fot f\u00f6r att leverera evenemang i v\u00e4rldsklass oavsett var du befinner dig&#8230;<\/p>\n<p>&nbsp;<\/p>\n<p><strong>Helly Hansen<\/strong><br \/>\nHelly Hansens DNA \u00e4r f\u00f6r evigt sammanfl\u00e4tat med vatten. Varum\u00e4rket grundades av en sj\u00f6kapten 1877 som arbetade p\u00e5 de norska fjordarna. \u00c4n i dag forts\u00e4tter Helly Hansen att tillhandah\u00e5lla professionell utrustning f\u00f6r anv\u00e4ndning p\u00e5 vatten och sn\u00f6 runt om i v\u00e4rlden.[\/vc_column_text][vc_empty_space height=&#8221;26px&#8221;]<a  itemprop=\"url\" href=\"https:\/\/waxholmshamn.se\/contact-events-info\/\" target=\"_self\"  class=\"qbutton  default main-btn\" style=\"\">Kontakta oss<\/a>[\/qode_elements_holder_item][qode_elements_holder_item background_color=&#8221;#1a1917&#8243; background_image=&#8221;1726&#8243; advanced_animations=&#8221;no&#8221; item_padding_1280_1440=&#8221;14% 15% 14% 7%&#8221; item_padding_1024_1280=&#8221;14% 4% 14% 8%&#8221; item_padding_768_1024=&#8221;12% 5% 12% 1%&#8221; item_padding_600_768=&#8221;15% 20% 15% 10&#8243; item_padding_480_600=&#8221;17% 20% 17% 0%&#8221; item_padding_480=&#8221;17% 20% 17% 0%&#8221;][vc_empty_space height=&#8221;40px&#8221; el_class=&#8221;empty-space-hidden&#8221;][\/qode_elements_holder_item][\/qode_elements_holder][\/vc_column][\/vc_row]<\/p>\n<\/div>","protected":false},"excerpt":{"rendered":"<p>[vc_row css_animation=&#8221;&#8221; row_type=&#8221;row&#8221; use_row_as_full_screen_section=&#8221;no&#8221; type=&#8221;grid&#8221; angled_section=&#8221;no&#8221; text_align=&#8221;left&#8221; background_image_as_pattern=&#8221;without_pattern&#8221; el_class=&#8221;row-with-separator&#8221; z_index=&#8221;&#8221; css=&#8221;.vc_custom_1566557782633{padding-top: 80px !important;padding-bottom: 100px !important;}&#8221;][vc_column css=&#8221;.vc_custom_1516792023205{margin-top: 0px !important;margin-right: 0px !important;margin-bottom: 0px !important;margin-left: 0px !important;padding-right: 0px !important;padding-left: 0px !important;}&#8221;][qode_elements_holder number_of_columns=&#8221;two_columns&#8221; switch_to_one_column=&#8221;1000&#8243;][qode_elements_holder_item item_padding=&#8221;0 10%&#8221; advanced_animations=&#8221;no&#8221; item_padding_1280_1440=&#8221;0% 5% 35% 9%&#8221; item_padding_1024_1280=&#8221;14% 4% 46% 8%&#8221; item_padding_768_1024=&#8221;0% 0% 30% 7%&#8221;&#8230;<\/p>\n","protected":false},"author":1,"featured_media":0,"parent":0,"menu_order":0,"comment_status":"closed","ping_status":"closed","template":"full_width.php","meta":{"footnotes":""},"class_list":["post-2107","page","type-page","status-publish","hentry"],"_links":{"self":[{"href":"https:\/\/waxholmshamn.se\/sv\/wp-json\/wp\/v2\/pages\/2107","targetHints":{"allow":["GET"]}}],"collection":[{"href":"https:\/\/waxholmshamn.se\/sv\/wp-json\/wp\/v2\/pages"}],"about":[{"href":"https:\/\/waxholmshamn.se\/sv\/wp-json\/wp\/v2\/types\/page"}],"author":[{"embeddable":true,"href":"https:\/\/waxholmshamn.se\/sv\/wp-json\/wp\/v2\/users\/1"}],"replies":[{"embeddable":true,"href":"https:\/\/waxholmshamn.se\/sv\/wp-json\/wp\/v2\/comments?post=2107"}],"version-history":[{"count":1,"href":"https:\/\/waxholmshamn.se\/sv\/wp-json\/wp\/v2\/pages\/2107\/revisions"}],"predecessor-version":[{"id":2110,"href":"https:\/\/waxholmshamn.se\/sv\/wp-json\/wp\/v2\/pages\/2107\/revisions\/2110"}],"wp:attachment":[{"href":"https:\/\/waxholmshamn.se\/sv\/wp-json\/wp\/v2\/media?parent=2107"}],"curies":[{"name":"wp","href":"https:\/\/api.w.org\/{rel}","templated":true}]}}