{"id":2103,"date":"2019-08-06T15:10:57","date_gmt":"2019-08-06T13:10:57","guid":{"rendered":"https:\/\/waxholmshamn.se\/mat-shopping\/"},"modified":"2025-10-24T15:30:56","modified_gmt":"2025-10-24T13:30:56","slug":"mat-shopping","status":"publish","type":"page","link":"https:\/\/waxholmshamn.se\/sv\/mat-shopping\/","title":{"rendered":"Mat &amp; shopping"},"content":{"rendered":"<div class=\"wpb-content-wrapper\"><p>[vc_row css_animation=&#8221;&#8221; row_type=&#8221;row&#8221; use_row_as_full_screen_section=&#8221;no&#8221; type=&#8221;grid&#8221; angled_section=&#8221;no&#8221; text_align=&#8221;left&#8221; background_image_as_pattern=&#8221;without_pattern&#8221; el_class=&#8221;row-with-separator&#8221; z_index=&#8221;&#8221; css=&#8221;.vc_custom_1566558428834{padding-top: 80px !important;padding-bottom: 120px !important;}&#8221;][vc_column css=&#8221;.vc_custom_1516792023205{margin-top: 0px !important;margin-right: 0px !important;margin-bottom: 0px !important;margin-left: 0px !important;padding-right: 0px !important;padding-left: 0px !important;}&#8221;][qode_elements_holder number_of_columns=&#8221;two_columns&#8221; switch_to_one_column=&#8221;1000&#8243;][qode_elements_holder_item item_padding=&#8221;0 10%&#8221; advanced_animations=&#8221;no&#8221; item_padding_1280_1440=&#8221;0% 5% 35% 9%&#8221; item_padding_1024_1280=&#8221;14% 4% 46% 8%&#8221; item_padding_768_1024=&#8221;0% 0% 30% 7%&#8221; item_padding_600_768=&#8221;15% 9% 32%&#8221; item_padding_480_600=&#8221;16% 0% 33%&#8221; item_padding_480=&#8221;16% 0% 33%&#8221; custom_class=&#8221;welcome&#8221;][vc_column_text]<\/p>\n<h1><strong>Bra mat,  <\/strong><\/h1>\n<h1><strong>Drycker &amp; Shopping<\/strong><\/h1>\n<p>[\/vc_column_text][vc_empty_space height=&#8221;26px&#8221;][vc_column_text]<strong>Vi \u00e4r stolta \u00f6ver den fantastiska mat, dryck och shopping som v\u00e5ra v\u00e4nner i restaurangen, c-baren och butikerna erbjuder.<\/strong><\/p>\n<p><!-- Lorem ipsum dolor sit amet, consectetur adipiscing elit. Quisque enim dui, tincidunt a nibh non, posuere accumsan nisl. Vivamus cursus nec felis vel condimentum. Ut risus massa, tincidunt eu vestibulum et, molestie pharetra lorem. Mauris sit amet purus ac mi volutpat pellentesque id eu sapien. Sed et sem commodo, pretium diam et, tristique lectus. Orci varius natoque penatibus et magnis dis parturient montes, nascetur ridiculus mus. Mauris egestas suscipit sem et auctor. Cras facilisis libero ac diam molestie luctus. Integer id convallis neque. Pellentesque ut velit sem. Praesent orci odio, hendrerit id feugiat in, lobortis et nisl. -->[\/vc_column_text][vc_empty_space][vc_column_text]<a href=\"https:\/\/www.facebook.com\/Kobbenvaxholm\/\"><em>Restaurang Kobben<\/em><\/a><\/p>\n<p><a href=\"https:\/\/www.facebook.com\/cbarvaxholm\/\"><em>C-bar<\/em><\/a><\/p>\n<p><a href=\"https:\/\/2systrar.se\"><em>2systrar<\/em><\/a><\/p>\n<p><a href=\"https:\/\/bonnieparks.bigcartel.com\"><em>Bonnie Parks<\/em><\/a><\/p>\n<p><a href=\"https:\/\/www.shopfg.se\"><em>Lycka &amp; \u00c4ra<\/em><\/a><\/p>\n<p><a href=\"http:\/\/sea-breeze.se\"><em>Havsbris<\/em><\/a>[\/vc_column_text][\/qode_elements_holder_item][qode_elements_holder_item background_color=&#8221;#1a1917&#8243; background_image=&#8221;1772&#8243; advanced_animations=&#8221;no&#8221; item_padding_1280_1440=&#8221;14% 15% 14% 7%&#8221; item_padding_1024_1280=&#8221;14% 4% 14% 8%&#8221; item_padding_768_1024=&#8221;12% 5% 12% 1%&#8221; item_padding_600_768=&#8221;15% 20% 15% 10&#8243; item_padding_480_600=&#8221;17% 20% 17% 0%&#8221; item_padding_480=&#8221;17% 20% 17% 0%&#8221;][vc_empty_space height=&#8221;40px&#8221; el_class=&#8221;empty-space-hidden&#8221;][\/qode_elements_holder_item][\/qode_elements_holder][\/vc_column][\/vc_row]<\/p>\n<\/div>","protected":false},"excerpt":{"rendered":"<p>[vc_row css_animation=&#8221;&#8221; row_type=&#8221;row&#8221; use_row_as_full_screen_section=&#8221;no&#8221; type=&#8221;grid&#8221; angled_section=&#8221;no&#8221; text_align=&#8221;left&#8221; background_image_as_pattern=&#8221;without_pattern&#8221; el_class=&#8221;row-with-separator&#8221; z_index=&#8221;&#8221; css=&#8221;.vc_custom_1566558428834{padding-top: 80px !important;padding-bottom: 120px !important;}&#8221;][vc_column css=&#8221;.vc_custom_1516792023205{margin-top: 0px !important;margin-right: 0px !important;margin-bottom: 0px !important;margin-left: 0px !important;padding-right: 0px !important;padding-left: 0px !important;}&#8221;][qode_elements_holder number_of_columns=&#8221;two_columns&#8221; switch_to_one_column=&#8221;1000&#8243;][qode_elements_holder_item item_padding=&#8221;0 10%&#8221; advanced_animations=&#8221;no&#8221; item_padding_1280_1440=&#8221;0% 5% 35% 9%&#8221; item_padding_1024_1280=&#8221;14% 4% 46% 8%&#8221; item_padding_768_1024=&#8221;0% 0% 30% 7%&#8221;&#8230;<\/p>\n","protected":false},"author":1,"featured_media":0,"parent":0,"menu_order":0,"comment_status":"closed","ping_status":"closed","template":"full_width.php","meta":{"footnotes":""},"class_list":["post-2103","page","type-page","status-publish","hentry"],"_links":{"self":[{"href":"https:\/\/waxholmshamn.se\/sv\/wp-json\/wp\/v2\/pages\/2103","targetHints":{"allow":["GET"]}}],"collection":[{"href":"https:\/\/waxholmshamn.se\/sv\/wp-json\/wp\/v2\/pages"}],"about":[{"href":"https:\/\/waxholmshamn.se\/sv\/wp-json\/wp\/v2\/types\/page"}],"author":[{"embeddable":true,"href":"https:\/\/waxholmshamn.se\/sv\/wp-json\/wp\/v2\/users\/1"}],"replies":[{"embeddable":true,"href":"https:\/\/waxholmshamn.se\/sv\/wp-json\/wp\/v2\/comments?post=2103"}],"version-history":[{"count":1,"href":"https:\/\/waxholmshamn.se\/sv\/wp-json\/wp\/v2\/pages\/2103\/revisions"}],"predecessor-version":[{"id":2106,"href":"https:\/\/waxholmshamn.se\/sv\/wp-json\/wp\/v2\/pages\/2103\/revisions\/2106"}],"wp:attachment":[{"href":"https:\/\/waxholmshamn.se\/sv\/wp-json\/wp\/v2\/media?parent=2103"}],"curies":[{"name":"wp","href":"https:\/\/api.w.org\/{rel}","templated":true}]}}