{"id":2098,"date":"2019-08-06T14:42:00","date_gmt":"2019-08-06T12:42:00","guid":{"rendered":"https:\/\/waxholmshamn.se\/bokningar\/"},"modified":"2025-10-24T15:30:56","modified_gmt":"2025-10-24T13:30:56","slug":"bokningar","status":"publish","type":"page","link":"https:\/\/waxholmshamn.se\/sv\/bokningar\/","title":{"rendered":"Bokningar"},"content":{"rendered":"<div class=\"wpb-content-wrapper\"><p>[vc_row css_animation=&#8221;&#8221; row_type=&#8221;row&#8221; use_row_as_full_screen_section=&#8221;no&#8221; type=&#8221;grid&#8221; angled_section=&#8221;no&#8221; text_align=&#8221;left&#8221; background_image_as_pattern=&#8221;without_pattern&#8221; el_class=&#8221;row-with-separator&#8221; z_index=&#8221;&#8221; css=&#8221;.vc_custom_1565349808782{padding-top: 52px !important;padding-bottom: 52px !important;}&#8221;][vc_column css=&#8221;.vc_custom_1516792023205{margin-top: 0px !important;margin-right: 0px !important;margin-bottom: 0px !important;margin-left: 0px !important;padding-right: 0px !important;padding-left: 0px !important;}&#8221;][qode_elements_holder number_of_columns=&#8221;two_columns&#8221; switch_to_one_column=&#8221;1000&#8243;][qode_elements_holder_item item_padding=&#8221;0 5%&#8221; advanced_animations=&#8221;no&#8221; item_padding_1280_1440=&#8221;0% 5% 35% 9%&#8221; item_padding_1024_1280=&#8221;14% 4% 46% 8%&#8221; item_padding_768_1024=&#8221;0% 0% 30% 7%&#8221; item_padding_600_768=&#8221;15% 9% 32%&#8221; item_padding_480_600=&#8221;16% 0% 33%&#8221; item_padding_480=&#8221;16% 0% 33%&#8221; custom_class=&#8221;welcome&#8221;][vc_column_text]<\/p>\n<h1><strong>Bokning av &#8221;Dockspot&#8221; \u00e4r nu \u00f6ppen<\/strong><\/h1>\n<p>[\/vc_column_text][vc_empty_space height=&#8221;26px&#8221;][vc_column_text]F\u00f6r att garantera din b\u00e5tplats kan du boka via v\u00e5r partner &#8221;Dockspot&#8221; genom att klicka p\u00e5 f\u00f6ljande l\u00e4nk <a href=\"http:\/\/www.dockspot.com\">http:\/\/www.dockspot.com<\/a><br \/>\nP\u00e5 &#8221;Dockspot&#8221; kan du ocks\u00e5 hitta intressanta tips och andra marinor som \u00e4r anslutna till Dockspots bokningssystem f\u00f6r ditt n\u00e4sta stopp.<\/p>\n<p>Ett annat alternativ \u00e4r att klicka p\u00e5 <a href=\"https:\/\/mooringo.com\/se\/\">Mooringo<\/a>, en bra tj\u00e4nst d\u00e4r du ocks\u00e5 kan hyra ut din egen b\u00e5tplats medan du bes\u00f6ker v\u00e5r marina[\/vc_column_text][vc_empty_space height=&#8221;233px&#8221;]<a  itemprop=\"url\" href=\"https:\/\/develop.visionmedia.nu\/waxholmshamn\/contact-events-info\/\" target=\"_self\"  class=\"qbutton  default main-btn\" style=\"\">Kontakta oss<\/a>[\/qode_elements_holder_item][qode_elements_holder_item background_color=&#8221;#1a1917&#8243; background_image=&#8221;1713&#8243; advanced_animations=&#8221;no&#8221; item_padding_1280_1440=&#8221;14% 15% 14% 7%&#8221; item_padding_1024_1280=&#8221;14% 4% 14% 8%&#8221; item_padding_768_1024=&#8221;12% 5% 12% 1%&#8221; item_padding_600_768=&#8221;15% 20% 15% 10&#8243; item_padding_480_600=&#8221;17% 20% 17% 0%&#8221; item_padding_480=&#8221;17% 20% 17% 0%&#8221;][vc_empty_space height=&#8221;40px&#8221; el_class=&#8221;empty-space-hidden&#8221;][\/qode_elements_holder_item][\/qode_elements_holder][\/vc_column][\/vc_row]<\/p>\n<\/div>","protected":false},"excerpt":{"rendered":"<p>[vc_row css_animation=&#8221;&#8221; row_type=&#8221;row&#8221; use_row_as_full_screen_section=&#8221;no&#8221; type=&#8221;grid&#8221; angled_section=&#8221;no&#8221; text_align=&#8221;left&#8221; background_image_as_pattern=&#8221;without_pattern&#8221; el_class=&#8221;row-with-separator&#8221; z_index=&#8221;&#8221; css=&#8221;.vc_custom_1565349808782{padding-top: 52px !important;padding-bottom: 52px !important;}&#8221;][vc_column css=&#8221;.vc_custom_1516792023205{margin-top: 0px !important;margin-right: 0px !important;margin-bottom: 0px !important;margin-left: 0px !important;padding-right: 0px !important;padding-left: 0px !important;}&#8221;][qode_elements_holder number_of_columns=&#8221;two_columns&#8221; switch_to_one_column=&#8221;1000&#8243;][qode_elements_holder_item item_padding=&#8221;0 5%&#8221; advanced_animations=&#8221;no&#8221; item_padding_1280_1440=&#8221;0% 5% 35% 9%&#8221; item_padding_1024_1280=&#8221;14% 4% 46% 8%&#8221; item_padding_768_1024=&#8221;0% 0% 30% 7%&#8221;&#8230;<\/p>\n","protected":false},"author":1,"featured_media":0,"parent":0,"menu_order":0,"comment_status":"closed","ping_status":"closed","template":"full_width.php","meta":{"footnotes":""},"class_list":["post-2098","page","type-page","status-publish","hentry"],"_links":{"self":[{"href":"https:\/\/waxholmshamn.se\/sv\/wp-json\/wp\/v2\/pages\/2098","targetHints":{"allow":["GET"]}}],"collection":[{"href":"https:\/\/waxholmshamn.se\/sv\/wp-json\/wp\/v2\/pages"}],"about":[{"href":"https:\/\/waxholmshamn.se\/sv\/wp-json\/wp\/v2\/types\/page"}],"author":[{"embeddable":true,"href":"https:\/\/waxholmshamn.se\/sv\/wp-json\/wp\/v2\/users\/1"}],"replies":[{"embeddable":true,"href":"https:\/\/waxholmshamn.se\/sv\/wp-json\/wp\/v2\/comments?post=2098"}],"version-history":[{"count":1,"href":"https:\/\/waxholmshamn.se\/sv\/wp-json\/wp\/v2\/pages\/2098\/revisions"}],"predecessor-version":[{"id":2101,"href":"https:\/\/waxholmshamn.se\/sv\/wp-json\/wp\/v2\/pages\/2098\/revisions\/2101"}],"wp:attachment":[{"href":"https:\/\/waxholmshamn.se\/sv\/wp-json\/wp\/v2\/media?parent=2098"}],"curies":[{"name":"wp","href":"https:\/\/api.w.org\/{rel}","templated":true}]}}