{"id":2088,"date":"2018-01-18T08:48:36","date_gmt":"2018-01-18T07:48:36","guid":{"rendered":"https:\/\/waxholmshamn.se\/hem\/"},"modified":"2025-10-24T15:49:41","modified_gmt":"2025-10-24T13:49:41","slug":"hem","status":"publish","type":"page","link":"https:\/\/waxholmshamn.se\/sv\/","title":{"rendered":"Hem"},"content":{"rendered":"<div class=\"wpb-content-wrapper\"><p>[vc_row css_animation=&#8221;&#8221; row_type=&#8221;row&#8221; use_row_as_full_screen_section=&#8221;no&#8221; type=&#8221;full_width&#8221; angled_section=&#8221;no&#8221; text_align=&#8221;left&#8221; background_image_as_pattern=&#8221;without_pattern&#8221;][vc_column][rev_slider_vc alias=&#8221;home-1&#8243;][\/vc_column][\/vc_row][vc_row css_animation=&#8221;&#8221; row_type=&#8221;row&#8221; use_row_as_full_screen_section=&#8221;no&#8221; type=&#8221;grid&#8221; angled_section=&#8221;no&#8221; text_align=&#8221;left&#8221; background_image_as_pattern=&#8221;without_pattern&#8221; css=&#8221;.vc_custom_1562054869271{padding-top: 120px !important;padding-bottom: 120px !important;}&#8221; z_index=&#8221;&#8221;][vc_column width=&#8221;1\/2&#8243;][qode_elements_holder number_of_columns=&#8221;one_column&#8221;][qode_elements_holder_item advanced_animations=&#8221;no&#8221; item_padding=&#8221;0 30px 0 0&#8243;][vc_column_text]<\/p>\n<h1>Vaxholms G\u00e4sthamn<\/h1>\n<p>[\/vc_column_text][vc_empty_space height=&#8221;21px&#8221;][vc_column_text css=&#8221;&#8221;]<\/p>\n<h2>Mitt i Vaxholm &#8211; Mitt i Sk\u00e4rg\u00e5rden<\/h2>\n<p>&nbsp;<\/p>\n<p>Vaxholm \u00e4r k\u00e4nt som huvudstaden i Stockholms sk\u00e4rg\u00e5rd och Waxholms Marina med sitt centrala l\u00e4ge i Vaxholm g\u00f6r det till en naturlig m\u00f6tesplats f\u00f6r &#8221;b\u00e5tfolk&#8221; s\u00e5v\u00e4l som &#8221;landkrabbor&#8221;.<\/p>\n<p>&nbsp;<\/p>\n<p>L\u00e4gg till i den skyddade marinan och njut av den pittoreska byn och de historiska landm\u00e4rkena. En perfekt plats att enkelt bunkra upp med mat, dryck och br\u00e4nsle f\u00f6r resten av resan. Oavsett om ditt bes\u00f6k \u00e4r l\u00e5ngt eller kort, \u00f6nskar vi dig varmt v\u00e4lkommen och en trevlig vistelse![\/vc_column_text][vc_empty_space]<a  itemprop=\"url\" href=\"https:\/\/waxholmshamn.se\/contact-events-info\/\" target=\"_self\"  class=\"qbutton  default main-btn\" style=\"\">L\u00e4s mer<\/a>[\/qode_elements_holder_item][\/qode_elements_holder][\/vc_column][vc_column width=&#8221;1\/2&#8243;][qode_elements_holder number_of_columns=&#8221;one_column&#8221;][qode_elements_holder_item advanced_animations=&#8221;no&#8221;][vc_single_image image=&#8221;2035&#8243; img_size=&#8221;full&#8221; qode_css_animation=&#8221;&#8221; el_class=&#8221;img-shadow&#8221;][\/qode_elements_holder_item][\/qode_elements_holder][\/vc_column][\/vc_row][vc_row row_type=&#8221;parallax&#8221; parallax_content_width=&#8221;in_grid&#8221; text_align=&#8221;center&#8221; full_screen_section_height=&#8221;no&#8221; background_image=&#8221;1614&#8243; el_class=&#8221;section-shadow&#8221;][vc_column][vc_row_inner row_type=&#8221;row&#8221; type=&#8221;full_width&#8221; text_align=&#8221;center&#8221; css_animation=&#8221;&#8221; css=&#8221;.vc_custom_1589367207675{padding-top: 180px !important;padding-bottom: 180px !important;}&#8221;][vc_column_inner width=&#8221;1\/3&#8243;][qode_elements_holder number_of_columns=&#8221;one_column&#8221;][qode_elements_holder_item advanced_animations=&#8221;no&#8221; custom_class=&#8221;home-cards&#8221;]<span data-type=\"normal\"  class=\"qode_icon_shortcode  q_font_awsome_icon fa-4x  \" style=\" \"><i class=\"qodef-icon-dripicons dripicon dripicons-anchor qode_icon_element\" style=\"\" ><\/i><\/span>[vc_column_text]<\/p>\n<h5>Priserna<\/h5>\n<p><a id=\"click\" href=\"https:\/\/waxholmshamn.se\/sv\/priserna\/\" rel=\"noopener noreferrer\">.<\/a>[\/vc_column_text][\/qode_elements_holder_item][\/qode_elements_holder][\/vc_column_inner][vc_column_inner width=&#8221;1\/3&#8243;][qode_elements_holder number_of_columns=&#8221;one_column&#8221;][qode_elements_holder_item advanced_animations=&#8221;no&#8221; custom_class=&#8221;home-cards&#8221;]<span data-type=\"normal\"  class=\"qode_icon_shortcode  q_font_awsome_icon fa-4x  \" style=\" \"><i class=\"qodef-icon-dripicons dripicon dripicons-anchor qode_icon_element\" style=\"\" ><\/i><\/span>[vc_column_text]<\/p>\n<h5>Info och tips<\/h5>\n<p><a id=\"click\" href=\"https:\/\/waxholmshamn.se\/sv\/info-tips\/\" rel=\"noopener noreferrer\">.<\/a>[\/vc_column_text][\/qode_elements_holder_item][\/qode_elements_holder][\/vc_column_inner][vc_column_inner width=&#8221;1\/3&#8243;][qode_elements_holder number_of_columns=&#8221;one_column&#8221;][qode_elements_holder_item advanced_animations=&#8221;no&#8221; custom_class=&#8221;home-cards&#8221;]<span data-type=\"normal\"  class=\"qode_icon_shortcode  q_font_awsome_icon fa-4x  \" style=\" \"><i class=\"qodef-icon-dripicons dripicon dripicons-anchor qode_icon_element\" style=\"\" ><\/i><\/span>[vc_column_text]<\/p>\n<h5>MAT &amp; SHOPPING<\/h5>\n<p><a id=\"click\" href=\"https:\/\/waxholmshamn.se\/sv\/mat-shopping\/\" rel=\"noopener noreferrer\">.<\/a>[\/vc_column_text][\/qode_elements_holder_item][\/qode_elements_holder][\/vc_column_inner][\/vc_row_inner][\/vc_column][\/vc_row][vc_row css_animation=&#8221;&#8221; row_type=&#8221;row&#8221; use_row_as_full_screen_section=&#8221;no&#8221; type=&#8221;grid&#8221; angled_section=&#8221;no&#8221; text_align=&#8221;left&#8221; background_image_as_pattern=&#8221;without_pattern&#8221; css=&#8221;.vc_custom_1562054869271{padding-top: 120px !important;padding-bottom: 120px !important;}&#8221; z_index=&#8221;&#8221;][vc_column][qode_elements_holder number_of_columns=&#8221;one_column&#8221;][qode_elements_holder_item advanced_animations=&#8221;no&#8221; item_padding=&#8221;0 30px 0 0&#8243;][vc_column_text css=&#8221;&#8221;]<\/p>\n<h2>F\u00f6lj oss p\u00e5 Facebook<\/h2>\n<p>[\/vc_column_text][vc_empty_space height=&#8221;21px&#8221;][vc_raw_html css=&#8221;&#8221;]W2N1c3RvbS1mYWNlYm9vay1mZWVkIGZlZWQ9IjEiXQ==[\/vc_raw_html][\/qode_elements_holder_item][\/qode_elements_holder][\/vc_column][\/vc_row][vc_row css_animation=&#8221;&#8221; row_type=&#8221;row&#8221; use_row_as_full_screen_section=&#8221;no&#8221; type=&#8221;grid&#8221; angled_section=&#8221;no&#8221; text_align=&#8221;left&#8221; background_image_as_pattern=&#8221;without_pattern&#8221; css=&#8221;.vc_custom_1647359454994{padding-top: 120px !important;padding-bottom: 180px !important;}&#8221; z_index=&#8221;&#8221; el_class=&#8221;hide__me&#8221;][vc_column][qode_elements_holder number_of_columns=&#8221;one_column&#8221;][qode_elements_holder_item advanced_animations=&#8221;no&#8221;][vc_single_image image=&#8221;2038&#8243; img_size=&#8221;54&#215;54&#8243; alignment=&#8221;center&#8221; qode_css_animation=&#8221;&#8221; el_class=&#8221;icon-hover-effect&#8221;][vc_empty_space height=&#8221;14px&#8221;][vc_column_text]<\/p>\n<h1 style=\"text-align: center;\">Nyheter hos oss<\/h1>\n<p>[\/vc_column_text][vc_empty_space height=&#8221;21px&#8221;][\/qode_elements_holder_item][\/qode_elements_holder][\/vc_column][\/vc_row]<\/p>\n<\/div>","protected":false},"excerpt":{"rendered":"<p>[vc_row css_animation=&#8221;&#8221; row_type=&#8221;row&#8221; use_row_as_full_screen_section=&#8221;no&#8221; type=&#8221;full_width&#8221; angled_section=&#8221;no&#8221; text_align=&#8221;left&#8221; background_image_as_pattern=&#8221;without_pattern&#8221;][vc_column][rev_slider_vc alias=&#8221;home-1&#8243;][\/vc_column][\/vc_row][vc_row css_animation=&#8221;&#8221; row_type=&#8221;row&#8221; use_row_as_full_screen_section=&#8221;no&#8221; type=&#8221;grid&#8221; angled_section=&#8221;no&#8221; text_align=&#8221;left&#8221; background_image_as_pattern=&#8221;without_pattern&#8221; css=&#8221;.vc_custom_1562054869271{padding-top: 120px !important;padding-bottom: 120px !important;}&#8221; z_index=&#8221;&#8221;][vc_column width=&#8221;1\/2&#8243;][qode_elements_holder number_of_columns=&#8221;one_column&#8221;][qode_elements_holder_item advanced_animations=&#8221;no&#8221; item_padding=&#8221;0 30px 0 0&#8243;][vc_column_text] Vaxholms G\u00e4sthamn [\/vc_column_text][vc_empty_space height=&#8221;21px&#8221;][vc_column_text css=&#8221;&#8221;] Mitt i Vaxholm &#8211; Mitt i Sk\u00e4rg\u00e5rden &nbsp; Vaxholm \u00e4r k\u00e4nt&#8230;<\/p>\n","protected":false},"author":1,"featured_media":0,"parent":0,"menu_order":0,"comment_status":"closed","ping_status":"closed","template":"full_width.php","meta":{"footnotes":""},"class_list":["post-2088","page","type-page","status-publish","hentry"],"_links":{"self":[{"href":"https:\/\/waxholmshamn.se\/sv\/wp-json\/wp\/v2\/pages\/2088","targetHints":{"allow":["GET"]}}],"collection":[{"href":"https:\/\/waxholmshamn.se\/sv\/wp-json\/wp\/v2\/pages"}],"about":[{"href":"https:\/\/waxholmshamn.se\/sv\/wp-json\/wp\/v2\/types\/page"}],"author":[{"embeddable":true,"href":"https:\/\/waxholmshamn.se\/sv\/wp-json\/wp\/v2\/users\/1"}],"replies":[{"embeddable":true,"href":"https:\/\/waxholmshamn.se\/sv\/wp-json\/wp\/v2\/comments?post=2088"}],"version-history":[{"count":12,"href":"https:\/\/waxholmshamn.se\/sv\/wp-json\/wp\/v2\/pages\/2088\/revisions"}],"predecessor-version":[{"id":2126,"href":"https:\/\/waxholmshamn.se\/sv\/wp-json\/wp\/v2\/pages\/2088\/revisions\/2126"}],"wp:attachment":[{"href":"https:\/\/waxholmshamn.se\/sv\/wp-json\/wp\/v2\/media?parent=2088"}],"curies":[{"name":"wp","href":"https:\/\/api.w.org\/{rel}","templated":true}]}}