{"id":2087,"date":"2019-08-06T13:16:31","date_gmt":"2019-08-06T11:16:31","guid":{"rendered":"https:\/\/waxholmshamn.se\/priserna\/"},"modified":"2026-03-30T14:00:56","modified_gmt":"2026-03-30T12:00:56","slug":"priserna","status":"publish","type":"page","link":"https:\/\/waxholmshamn.se\/sv\/priserna\/","title":{"rendered":"Priserna"},"content":{"rendered":"<div class=\"wpb-content-wrapper\"><p>[vc_row css_animation=&#8221;&#8221; row_type=&#8221;row&#8221; use_row_as_full_screen_section=&#8221;no&#8221; type=&#8221;grid&#8221; angled_section=&#8221;no&#8221; text_align=&#8221;left&#8221; background_image_as_pattern=&#8221;without_pattern&#8221; css=&#8221;.vc_custom_1566557304285{padding-top: 80px !important;padding-bottom: 60px !important;}&#8221; z_index=&#8221;&#8221;][vc_column][qode_elements_holder number_of_columns=&#8221;one_column&#8221;][qode_elements_holder_item advanced_animations=&#8221;no&#8221;][vc_column_text]<\/p>\n<h1>G\u00e4sthamn<\/h1>\n<p>[\/vc_column_text][\/qode_elements_holder_item][\/qode_elements_holder][vc_row_inner row_type=&#8221;row&#8221; type=&#8221;full_width&#8221; text_align=&#8221;left&#8221; css_animation=&#8221;&#8221;][vc_column_inner width=&#8221;1\/2&#8243;][qode_elements_holder number_of_columns=&#8221;one_column&#8221;][qode_elements_holder_item advanced_animations=&#8221;no&#8221; item_padding=&#8221;42px 0 36px 0&#8243; custom_class=&#8221;price-box&#8221;][vc_column_text]<\/p>\n<h3>Dag (l\u00e5gs\u00e4song vardagar) 24\/4 &#8211; 17\/6 &amp; 15\/8 &#8211; 4\/10 (08:00 &#8211; 18:00)<\/h3>\n<p>[\/vc_column_text][qode_pricing_list][qode_pricing_list_item title_tag=&#8221;h5&#8243; title=&#8221;0 &#8211; 32,9 fot&#8221; price=&#8221;70 sek&#8221; text=&#8221;(0 &#8211; 9,9 meter)&#8221;][qode_pricing_list_item title_tag=&#8221;h5&#8243; title=&#8221;33 &#8211; 45,9 fot&#8221; price=&#8221;90 sek&#8221; text=&#8221;(10 &#8211; 13,9 meter)&#8221;][qode_pricing_list_item title_tag=&#8221;h5&#8243; title=&#8221;45,9 + F\u00f6tter&#8221; price=&#8221;130 sek&#8221; text=&#8221;(14 meter +)&#8221;][\/qode_pricing_list][\/qode_elements_holder_item][\/qode_elements_holder][\/vc_column_inner][vc_column_inner width=&#8221;1\/2&#8243;][qode_elements_holder number_of_columns=&#8221;one_column&#8221;][qode_elements_holder_item advanced_animations=&#8221;no&#8221; item_padding=&#8221;42px 0 36px 20px&#8221; custom_class=&#8221;price-box&#8221;][vc_column_text]<\/p>\n<h3>Dag (h\u00f6gs\u00e4song) 18\/6 &#8211; 14\/8 (08:00 &#8211; 18:00) och alla helger<\/h3>\n<p>[\/vc_column_text][qode_pricing_list][qode_pricing_list_item title_tag=&#8221;h5&#8243; title=&#8221;0 &#8211; 32,9 fot&#8221; price=&#8221;100 sek&#8221; text=&#8221;(0 &#8211; 9,9 meter)&#8221;][qode_pricing_list_item title_tag=&#8221;h5&#8243; title=&#8221;33 &#8211; 45,9 fot&#8221; price=&#8221;140 sek&#8221; text=&#8221;(10 &#8211; 13,9 meter)&#8221;][qode_pricing_list_item title_tag=&#8221;h5&#8243; title=&#8221;45,9 + F\u00f6tter&#8221; price=&#8221;180 sek&#8221; text=&#8221;(14 meter +)&#8221;][\/qode_pricing_list][\/qode_elements_holder_item][\/qode_elements_holder][\/vc_column_inner][vc_column_inner][\/vc_column_inner][\/vc_row_inner][vc_row_inner row_type=&#8221;row&#8221; type=&#8221;full_width&#8221; text_align=&#8221;left&#8221; css_animation=&#8221;&#8221;][vc_column_inner width=&#8221;1\/2&#8243;][qode_elements_holder number_of_columns=&#8221;one_column&#8221;][qode_elements_holder_item advanced_animations=&#8221;no&#8221; item_padding=&#8221;42px 0 36px 0&#8243; custom_class=&#8221;price-box&#8221;][vc_column_text]<\/p>\n<h3>\u00d6vernattning (l\u00e5gs\u00e4song vardagar) 24\/4 &#8211; 17\/6 &amp; 16\/8 &#8211; 10\/10 &#8211; utcheckning 11:00<\/h3>\n<p>[\/vc_column_text][qode_pricing_list][qode_pricing_list_item title_tag=&#8221;h5&#8243; title=&#8221;0 &#8211; 32,9 fot&#8221; price=&#8221;220 sek&#8221; text=&#8221;(0 &#8211; 9,9 meter)&#8221;][qode_pricing_list_item title_tag=&#8221;h5&#8243; title=&#8221;33 &#8211; 39,4 fot&#8221; price=&#8221;250 sek&#8221; text=&#8221;(10 &#8211; 11,9 meter)&#8221;][qode_pricing_list_item title_tag=&#8221;h5&#8243; title=&#8221;39,5 &#8211; 45,9 fot&#8221; price=&#8221;340 sek&#8221; text=&#8221;(12 &#8211; 13,9 meter)&#8221;][qode_pricing_list_item title_tag=&#8221;h5&#8243; title=&#8221;46 &#8211; 52,5 fot&#8221; price=&#8221;380 sek&#8221; text=&#8221;(14 &#8211; 15,9 meter)&#8221;][qode_pricing_list_item title_tag=&#8221;h5&#8243; title=&#8221;52,6 &#8211; 59,05 fot&#8221; price=&#8221;420 sek&#8221; text=&#8221;(16 &#8211; 17,9 meter)&#8221;][qode_pricing_list_item title_tag=&#8221;h5&#8243; title=&#8221;59,06 &#8211; 65,61 fot&#8221; price=&#8221;550 sek&#8221; text=&#8221;(18 &#8211; 19,9 meter)&#8221;][qode_pricing_list_item title_tag=&#8221;h5&#8243; title=&#8221;65,62 + F\u00f6tter&#8221; price=&#8221;800 sek&#8221; text=&#8221;(20 meter +)&#8221;][qode_pricing_list_item title_tag=&#8221;h5&#8243; title=&#8221;Elektricitet&#8221; price=&#8221;100 sek&#8221; text=&#8221;10 ampere, 230 V&#8221;][\/qode_pricing_list][\/qode_elements_holder_item][\/qode_elements_holder][\/vc_column_inner][vc_column_inner width=&#8221;1\/2&#8243;][qode_elements_holder number_of_columns=&#8221;one_column&#8221;][qode_elements_holder_item advanced_animations=&#8221;no&#8221; item_padding=&#8221;42px 0 36px 20px&#8221; custom_class=&#8221;price-box&#8221;][vc_column_text]<\/p>\n<h3>\u00d6vernattning (h\u00f6gs\u00e4song) 18\/6 &#8211; 15\/8 &amp; alla helger &#8211; utcheckning 11:00<\/h3>\n<p>[\/vc_column_text][qode_pricing_list][qode_pricing_list_item title_tag=&#8221;h5&#8243; title=&#8221;0 &#8211; 32,9 fot&#8221; price=&#8221;340 sek&#8221; text=&#8221;(0 &#8211; 9,9 meter)&#8221;][qode_pricing_list_item title_tag=&#8221;h5&#8243; title=&#8221;33 &#8211; 39,4 fot&#8221; price=&#8221;380 sek&#8221; text=&#8221;(10 &#8211; 11,9 meter)&#8221;][qode_pricing_list_item title_tag=&#8221;h5&#8243; title=&#8221;39,5 &#8211; 45,9 fot&#8221; price=&#8221;460 sek&#8221; text=&#8221;(12 &#8211; 13,9 meter)&#8221;][qode_pricing_list_item title_tag=&#8221;h5&#8243; title=&#8221;46 &#8211; 52,5 fot&#8221; price=&#8221;500 sek&#8221; text=&#8221;(14 &#8211; 15,9 meter)&#8221;][qode_pricing_list_item title_tag=&#8221;h5&#8243; title=&#8221;52,6 &#8211; 59,05 fot&#8221; price=&#8221;580 sek&#8221; text=&#8221;(16 &#8211; 17,9 meter)&#8221;][qode_pricing_list_item title_tag=&#8221;h5&#8243; title=&#8221;59,06 &#8211; 65,61 fot&#8221; price=&#8221;750 sek&#8221; text=&#8221;(18 &#8211; 19,9 meter)&#8221;][qode_pricing_list_item title_tag=&#8221;h5&#8243; title=&#8221;65,62 + F\u00f6tter&#8221; price=&#8221;1350 sek&#8221; text=&#8221;(20 meter +)&#8221;][qode_pricing_list_item title_tag=&#8221;h5&#8243; title=&#8221;Elektricitet&#8221; price=&#8221;100 sek&#8221; text=&#8221;10 ampere, 230 V&#8221;][\/qode_pricing_list][\/qode_elements_holder_item][\/qode_elements_holder][\/vc_column_inner][\/vc_row_inner][\/vc_column][\/vc_row][vc_row css_animation=&#8221;&#8221; row_type=&#8221;row&#8221; use_row_as_full_screen_section=&#8221;no&#8221; type=&#8221;grid&#8221; angled_section=&#8221;no&#8221; text_align=&#8221;left&#8221; background_image_as_pattern=&#8221;without_pattern&#8221; css=&#8221;.vc_custom_1566557515662{padding-top: 0px !important;padding-bottom: 60px !important;}&#8221; z_index=&#8221;&#8221;][vc_column][qode_elements_holder number_of_columns=&#8221;one_column&#8221;][qode_elements_holder_item advanced_animations=&#8221;no&#8221;][vc_column_text]<\/p>\n<h1>Bottenreng\u00f6ring av b\u00e5t<\/h1>\n<p>[\/vc_column_text][\/qode_elements_holder_item][\/qode_elements_holder][vc_row_inner row_type=&#8221;row&#8221; type=&#8221;full_width&#8221; text_align=&#8221;left&#8221; css_animation=&#8221;&#8221;][vc_column_inner width=&#8221;1\/2&#8243;][qode_elements_holder number_of_columns=&#8221;one_column&#8221;][qode_elements_holder_item advanced_animations=&#8221;no&#8221; item_padding=&#8221;42px 0 36px 0&#8243; custom_class=&#8221;price-box&#8221;][vc_column_text]<\/p>\n<h3>Enkel tv\u00e4tt<\/h3>\n<p>[\/vc_column_text][qode_pricing_list][qode_pricing_list_item title_tag=&#8221;h5&#8243; title=&#8221;0 &#8211; 4 m&#8221; price=&#8221;400 sek&#8221;][qode_pricing_list_item title_tag=&#8221;h5&#8243; title=&#8221;4 &#8211; 6 m&#8221; price=&#8221;650 sek&#8221;][qode_pricing_list_item title_tag=&#8221;h5&#8243; title=&#8221;6,1 &#8211; 8 m&#8221; price=&#8221;850 sek&#8221;][qode_pricing_list_item title_tag=&#8221;h5&#8243; title=&#8221;8,1 &#8211; 10 m&#8221; price=&#8221;950 sek&#8221;][qode_pricing_list_item title_tag=&#8221;h5&#8243; title=&#8221;10,1 &#8211; 12 m&#8221; price=&#8221;1200 sek&#8221;][qode_pricing_list_item title_tag=&#8221;h5&#8243; title=&#8221;12,1 &#8211; 14 m&#8221; price=&#8221;1500 sek&#8221;][\/qode_pricing_list][\/qode_elements_holder_item][\/qode_elements_holder][\/vc_column_inner][vc_column_inner width=&#8221;1\/2&#8243;][qode_elements_holder number_of_columns=&#8221;one_column&#8221;][qode_elements_holder_item advanced_animations=&#8221;no&#8221; item_padding=&#8221;42px 0 36px 20px&#8221; custom_class=&#8221;price-box&#8221;][vc_column_text css=&#8221;&#8221;]<\/p>\n<h3>3x Wash (Clipcard) 1 \u00e5r<\/h3>\n<p>[\/vc_column_text][qode_pricing_list][qode_pricing_list_item title_tag=&#8221;h5&#8243; title=&#8221;0 &#8211; 4 m&#8221; price=&#8221;1000 sek&#8221;][qode_pricing_list_item title_tag=&#8221;h5&#8243; title=&#8221;4 &#8211; 6 m&#8221; price=&#8221;1500 sek&#8221;][qode_pricing_list_item title_tag=&#8221;h5&#8243; title=&#8221;6,1 &#8211; 8 m&#8221; price=&#8221;1950 sek&#8221;][qode_pricing_list_item title_tag=&#8221;h5&#8243; title=&#8221;8,1 &#8211; 10 m&#8221; price=&#8221;2400 sek&#8221;][qode_pricing_list_item title_tag=&#8221;h5&#8243; title=&#8221;10,1 &#8211; 12 m&#8221; price=&#8221;3000 sek&#8221;][qode_pricing_list_item title_tag=&#8221;h5&#8243; title=&#8221;12,1 &#8211; 14 m&#8221; price=&#8221;4200 sek&#8221;][\/qode_pricing_list][\/qode_elements_holder_item][\/qode_elements_holder][\/vc_column_inner][\/vc_row_inner][\/vc_column][\/vc_row]<\/p>\n<\/div>","protected":false},"excerpt":{"rendered":"<p>[vc_row css_animation=&#8221;&#8221; row_type=&#8221;row&#8221; use_row_as_full_screen_section=&#8221;no&#8221; type=&#8221;grid&#8221; angled_section=&#8221;no&#8221; text_align=&#8221;left&#8221; background_image_as_pattern=&#8221;without_pattern&#8221; css=&#8221;.vc_custom_1566557304285{padding-top: 80px !important;padding-bottom: 60px !important;}&#8221; z_index=&#8221;&#8221;][vc_column][qode_elements_holder number_of_columns=&#8221;one_column&#8221;][qode_elements_holder_item advanced_animations=&#8221;no&#8221;][vc_column_text] G\u00e4sthamn [\/vc_column_text][\/qode_elements_holder_item][\/qode_elements_holder][vc_row_inner row_type=&#8221;row&#8221; type=&#8221;full_width&#8221; text_align=&#8221;left&#8221; css_animation=&#8221;&#8221;][vc_column_inner width=&#8221;1\/2&#8243;][qode_elements_holder number_of_columns=&#8221;one_column&#8221;][qode_elements_holder_item advanced_animations=&#8221;no&#8221; item_padding=&#8221;42px 0 36px 0&#8243; custom_class=&#8221;price-box&#8221;][vc_column_text] Dag (l\u00e5gs\u00e4song vardagar) 24\/4 &#8211; 17\/6 &amp; 15\/8 &#8211; 4\/10 (08:00 &#8211; 18:00) [\/vc_column_text][qode_pricing_list][qode_pricing_list_item title_tag=&#8221;h5&#8243;&#8230;<\/p>\n","protected":false},"author":1,"featured_media":0,"parent":0,"menu_order":0,"comment_status":"closed","ping_status":"closed","template":"full_width.php","meta":{"footnotes":""},"class_list":["post-2087","page","type-page","status-publish","hentry"],"_links":{"self":[{"href":"https:\/\/waxholmshamn.se\/sv\/wp-json\/wp\/v2\/pages\/2087","targetHints":{"allow":["GET"]}}],"collection":[{"href":"https:\/\/waxholmshamn.se\/sv\/wp-json\/wp\/v2\/pages"}],"about":[{"href":"https:\/\/waxholmshamn.se\/sv\/wp-json\/wp\/v2\/types\/page"}],"author":[{"embeddable":true,"href":"https:\/\/waxholmshamn.se\/sv\/wp-json\/wp\/v2\/users\/1"}],"replies":[{"embeddable":true,"href":"https:\/\/waxholmshamn.se\/sv\/wp-json\/wp\/v2\/comments?post=2087"}],"version-history":[{"count":4,"href":"https:\/\/waxholmshamn.se\/sv\/wp-json\/wp\/v2\/pages\/2087\/revisions"}],"predecessor-version":[{"id":2134,"href":"https:\/\/waxholmshamn.se\/sv\/wp-json\/wp\/v2\/pages\/2087\/revisions\/2134"}],"wp:attachment":[{"href":"https:\/\/waxholmshamn.se\/sv\/wp-json\/wp\/v2\/media?parent=2087"}],"curies":[{"name":"wp","href":"https:\/\/api.w.org\/{rel}","templated":true}]}}