{"id":2082,"date":"2019-06-25T14:41:26","date_gmt":"2019-06-25T12:41:26","guid":{"rendered":"https:\/\/waxholmshamn.se\/info-tips\/"},"modified":"2025-10-24T15:30:56","modified_gmt":"2025-10-24T13:30:56","slug":"info-tips","status":"publish","type":"page","link":"https:\/\/waxholmshamn.se\/sv\/info-tips\/","title":{"rendered":"Info &amp; tips"},"content":{"rendered":"<div class=\"wpb-content-wrapper\"><p>[vc_row css_animation=&#8221;&#8221; row_type=&#8221;row&#8221; use_row_as_full_screen_section=&#8221;no&#8221; type=&#8221;grid&#8221; angled_section=&#8221;no&#8221; text_align=&#8221;left&#8221; background_image_as_pattern=&#8221;without_pattern&#8221; css=&#8221;.vc_custom_1566551597273{padding-top: 80px !important;padding-bottom: 120px !important;}&#8221; z_index=&#8221;&#8221;][vc_column][qode_elements_holder number_of_columns=&#8221;one_column&#8221;][qode_elements_holder_item advanced_animations=&#8221;no&#8221;][vc_column_text]<\/p>\n<h1>Tips<\/h1>\n<p>[\/vc_column_text][vc_empty_space][vc_column_text]Vi \u00f6nskar att alla v\u00e5ra g\u00e4ster ska f\u00e5 en s\u00e5 trevlig upplevelse som<br \/>m\u00f6jligt i v\u00e5r marina, d\u00e4rf\u00f6r vill vi g\u00e4rna ge dig f\u00f6ljande tips:[\/vc_column_text][\/qode_elements_holder_item][\/qode_elements_holder][vc_row_inner row_type=&#8221;row&#8221; type=&#8221;full_width&#8221; text_align=&#8221;left&#8221; css_animation=&#8221;&#8221; css=&#8221;.vc_custom_1566551861407{padding-top: 60px !important;}&#8221;][vc_column_inner width=&#8221;1\/2&#8243;][qode_elements_holder number_of_columns=&#8221;one_column&#8221;][qode_elements_holder_item advanced_animations=&#8221;no&#8221;]<div class='q_icon_with_title tiny normal_icon '><div class=\"icon_holder \" style=\" \"><span data-icon-type=\"normal\" class=\"qode_iwt_icon_holder q_font_awsome_icon fa-lg  \"><i class=\"qodef-icon-dripicons dripicon dripicons-chevron-right qode_iwt_icon_element\" style=\"color: #21366c\"><\/i><\/span><\/div><div class=\"icon_text_holder\" style=\"\"><div class=\"icon_text_inner\" style=\"\"><h5 class=\"icon_title\" style=\"\"><\/h5><p style=''>F\u00f6rt\u00f6j din kajplats med hj\u00e4lp av v\u00e5ra f\u00f6rt\u00f6jningslinor eller f\u00f6rt\u00f6j p\u00e5 v\u00e5ra balkar, sp\u00e4nn fast ordentligt, det \u00e4r ditt personliga ansvar.<\/p><\/div><\/div><\/div>[vc_empty_space height=&#8221;22px&#8221;]<div class='q_icon_with_title tiny normal_icon '><div class=\"icon_holder \" style=\" \"><span data-icon-type=\"normal\" class=\"qode_iwt_icon_holder q_font_awsome_icon fa-lg  \"><i class=\"qodef-icon-dripicons dripicon dripicons-chevron-right qode_iwt_icon_element\" style=\"color: #21366c\"><\/i><\/span><\/div><div class=\"icon_text_holder\" style=\"\"><div class=\"icon_text_inner\" style=\"\"><h5 class=\"icon_title\" style=\"\"><\/h5><p style=''>Bes\u00e4ttningen finns d\u00e4r f\u00f6r att hj\u00e4lpa till om du beh\u00f6ver hj\u00e4lp<\/p><\/div><\/div><\/div>[\/qode_elements_holder_item][\/qode_elements_holder][qode_elements_holder number_of_columns=&#8221;one_column&#8221;][\/qode_elements_holder][vc_empty_space height=&#8221;22px&#8221;][qode_elements_holder number_of_columns=&#8221;one_column&#8221;][qode_elements_holder_item advanced_animations=&#8221;no&#8221;]<div class='q_icon_with_title tiny normal_icon '><div class=\"icon_holder \" style=\" \"><span data-icon-type=\"normal\" class=\"qode_iwt_icon_holder q_font_awsome_icon fa-lg  \"><i class=\"qodef-icon-dripicons dripicon dripicons-chevron-right qode_iwt_icon_element\" style=\"color: #21366c\"><\/i><\/span><\/div><div class=\"icon_text_holder\" style=\"\"><div class=\"icon_text_inner\" style=\"\"><h5 class=\"icon_title\" style=\"\"><\/h5><p style=''>All f\u00f6rankring \u00e4r str\u00e4ngt f\u00f6rbjuden (eventuella kostnader och skador p\u00e5 grund av f\u00f6rankring \u00e4r p\u00e5 dig)<\/p><\/div><\/div><\/div>[vc_empty_space height=&#8221;22px&#8221;]<div class='q_icon_with_title tiny normal_icon '><div class=\"icon_holder \" style=\" \"><span data-icon-type=\"normal\" class=\"qode_iwt_icon_holder q_font_awsome_icon fa-lg  \"><i class=\"qodef-icon-dripicons dripicon dripicons-chevron-right qode_iwt_icon_element\" style=\"color: #21366c\"><\/i><\/span><\/div><div class=\"icon_text_holder\" style=\"\"><div class=\"icon_text_inner\" style=\"\"><h5 class=\"icon_title\" style=\"\"><\/h5><p style=''>Checka in p\u00e5 v\u00e5rt kontor direkt efter ankomst och registrera din telefon f\u00f6r din egen s\u00e4kerhet<\/p><\/div><\/div><\/div>[vc_empty_space height=&#8221;22px&#8221;]<div class='q_icon_with_title tiny normal_icon '><div class=\"icon_holder \" style=\" \"><span data-icon-type=\"normal\" class=\"qode_iwt_icon_holder q_font_awsome_icon fa-lg  \"><i class=\"qodef-icon-dripicons dripicon dripicons-chevron-right qode_iwt_icon_element\" style=\"color: #21366c\"><\/i><\/span><\/div><div class=\"icon_text_holder\" style=\"\"><div class=\"icon_text_inner\" style=\"\"><h5 class=\"icon_title\" style=\"\"><\/h5><p style=''>S\u00e4kerheten \u00e4r v\u00e5r prioritet - \u00f6ppen eld eller grillning \u00e4r f\u00f6rbjuden ombord eller p\u00e5 n\u00e5got omr\u00e5de i marinan.<\/p><\/div><\/div><\/div>[vc_empty_space height=&#8221;22px&#8221;]<div class='q_icon_with_title tiny normal_icon '><div class=\"icon_holder \" style=\" \"><span data-icon-type=\"normal\" class=\"qode_iwt_icon_holder q_font_awsome_icon fa-lg  \"><i class=\"qodef-icon-dripicons dripicon dripicons-chevron-right qode_iwt_icon_element\" style=\"color: #21366c\"><\/i><\/span><\/div><div class=\"icon_text_holder\" style=\"\"><div class=\"icon_text_inner\" style=\"\"><h5 class=\"icon_title\" style=\"\"><\/h5><p style=''>Efter 22:00 ber vi dig att h\u00e5lla en l\u00e5g niv\u00e5 av h\u00e4nsyn till din granne.<\/p><\/div><\/div><\/div>[vc_empty_space height=&#8221;22px&#8221;][\/qode_elements_holder_item][\/qode_elements_holder][\/vc_column_inner][vc_column_inner width=&#8221;1\/2&#8243;][qode_elements_holder number_of_columns=&#8221;one_column&#8221;][qode_elements_holder_item advanced_animations=&#8221;no&#8221;]<div class='q_icon_with_title tiny normal_icon '><div class=\"icon_holder \" style=\" \"><span data-icon-type=\"normal\" class=\"qode_iwt_icon_holder q_font_awsome_icon fa-lg  \"><i class=\"qodef-icon-dripicons dripicon dripicons-chevron-right qode_iwt_icon_element\" style=\"color: #21366c\"><\/i><\/span><\/div><div class=\"icon_text_holder\" style=\"\"><div class=\"icon_text_inner\" style=\"\"><h5 class=\"icon_title\" style=\"\"><\/h5><p style=''>Anv\u00e4nd v\u00e5r gr\u00e5\/svartvattenstation f\u00f6r att t\u00f6mma din tank.<\/p><\/div><\/div><\/div>[vc_empty_space height=&#8221;22px&#8221;]<div class='q_icon_with_title tiny normal_icon '><div class=\"icon_holder \" style=\" \"><span data-icon-type=\"normal\" class=\"qode_iwt_icon_holder q_font_awsome_icon fa-lg  \"><i class=\"qodef-icon-dripicons dripicon dripicons-chevron-right qode_iwt_icon_element\" style=\"color: #21366c\"><\/i><\/span><\/div><div class=\"icon_text_holder\" style=\"\"><div class=\"icon_text_inner\" style=\"\"><h5 class=\"icon_title\" style=\"\"><\/h5><p style=''>Toaletter och duschar finns i den stora r\u00f6da byggnaden och \u00e4r nyckell\u00e5sta. Koden kommer att ges till dig efter incheckning - informera inte ok\u00e4nda om koden f\u00f6r din egen komfort. <\/p><\/div><\/div><\/div>[\/qode_elements_holder_item][\/qode_elements_holder][vc_empty_space height=&#8221;22px&#8221;][qode_elements_holder number_of_columns=&#8221;one_column&#8221;][qode_elements_holder_item advanced_animations=&#8221;no&#8221;]<div class='q_icon_with_title tiny normal_icon '><div class=\"icon_holder \" style=\" \"><span data-icon-type=\"normal\" class=\"qode_iwt_icon_holder q_font_awsome_icon fa-lg  \"><i class=\"qodef-icon-dripicons dripicon dripicons-chevron-right qode_iwt_icon_element\" style=\"color: #21366c\"><\/i><\/span><\/div><div class=\"icon_text_holder\" style=\"\"><div class=\"icon_text_inner\" style=\"\"><h5 class=\"icon_title\" style=\"\"><\/h5><p style=''>Vi bryr oss om milj\u00f6n - h\u00e5ller v\u00e5r Marina ren, k\u00f6r inte motorer i on\u00f6dan, \u00e5tervinner och l\u00e5ter inte olja, bensin eller andra kemikalier l\u00e4cka ut.<\/p><\/div><\/div><\/div>[vc_empty_space height=&#8221;22px&#8221;]<div class='q_icon_with_title tiny normal_icon '><div class=\"icon_holder \" style=\" \"><span data-icon-type=\"normal\" class=\"qode_iwt_icon_holder q_font_awsome_icon fa-lg  \"><i class=\"qodef-icon-dripicons dripicon dripicons-chevron-right qode_iwt_icon_element\" style=\"color: #21366c\"><\/i><\/span><\/div><div class=\"icon_text_holder\" style=\"\"><div class=\"icon_text_inner\" style=\"\"><h5 class=\"icon_title\" style=\"\"><\/h5><p style=''>Sopor ska l\u00e4ggas i soprummets rum - burkar i separat k\u00e4rl.<\/p><\/div><\/div><\/div>[\/qode_elements_holder_item][\/qode_elements_holder][vc_empty_space height=&#8221;22px&#8221;][qode_elements_holder number_of_columns=&#8221;one_column&#8221;][qode_elements_holder_item advanced_animations=&#8221;no&#8221;]<div class='q_icon_with_title tiny normal_icon '><div class=\"icon_holder \" style=\" \"><span data-icon-type=\"normal\" class=\"qode_iwt_icon_holder q_font_awsome_icon fa-lg  \"><i class=\"qodef-icon-dripicons dripicon dripicons-chevron-right qode_iwt_icon_element\" style=\"color: #21366c\"><\/i><\/span><\/div><div class=\"icon_text_holder\" style=\"\"><div class=\"icon_text_inner\" style=\"\"><h5 class=\"icon_title\" style=\"\"><\/h5><p style=''>\u00c5tervinningsstation f\u00f6r glas, papper och batterier finns bakom servicebyggnaden.<\/p><\/div><\/div><\/div>[vc_empty_space height=&#8221;22px&#8221;]<div class='q_icon_with_title tiny normal_icon '><div class=\"icon_holder \" style=\" \"><span data-icon-type=\"normal\" class=\"qode_iwt_icon_holder q_font_awsome_icon fa-lg  \"><i class=\"qodef-icon-dripicons dripicon dripicons-chevron-right qode_iwt_icon_element\" style=\"color: #21366c\"><\/i><\/span><\/div><div class=\"icon_text_holder\" style=\"\"><div class=\"icon_text_inner\" style=\"\"><h5 class=\"icon_title\" style=\"\"><\/h5><p style=''>Kaptenen \u00e4r juridiskt ansvarig enligt sj\u00f6lagen, se alltid till att n\u00e5gon ombord kan styra b\u00e5ten om det beh\u00f6vs.<\/p><\/div><\/div><\/div>[\/qode_elements_holder_item][\/qode_elements_holder][\/vc_column_inner][\/vc_row_inner][\/vc_column][\/vc_row]<\/p>\n<\/div>","protected":false},"excerpt":{"rendered":"<p>[vc_row css_animation=&#8221;&#8221; row_type=&#8221;row&#8221; use_row_as_full_screen_section=&#8221;no&#8221; type=&#8221;grid&#8221; angled_section=&#8221;no&#8221; text_align=&#8221;left&#8221; background_image_as_pattern=&#8221;without_pattern&#8221; css=&#8221;.vc_custom_1566551597273{padding-top: 80px !important;padding-bottom: 120px !important;}&#8221; z_index=&#8221;&#8221;][vc_column][qode_elements_holder number_of_columns=&#8221;one_column&#8221;][qode_elements_holder_item advanced_animations=&#8221;no&#8221;][vc_column_text] Tips [\/vc_column_text][vc_empty_space][vc_column_text]Vi \u00f6nskar att alla v\u00e5ra g\u00e4ster ska f\u00e5 en s\u00e5 trevlig upplevelse somm\u00f6jligt i v\u00e5r marina, d\u00e4rf\u00f6r vill vi g\u00e4rna ge dig f\u00f6ljande tips:[\/vc_column_text][\/qode_elements_holder_item][\/qode_elements_holder][vc_row_inner row_type=&#8221;row&#8221; type=&#8221;full_width&#8221; text_align=&#8221;left&#8221; css_animation=&#8221;&#8221;&#8230;<\/p>\n","protected":false},"author":1,"featured_media":0,"parent":0,"menu_order":0,"comment_status":"closed","ping_status":"closed","template":"full_width.php","meta":{"footnotes":""},"class_list":["post-2082","page","type-page","status-publish","hentry"],"_links":{"self":[{"href":"https:\/\/waxholmshamn.se\/sv\/wp-json\/wp\/v2\/pages\/2082","targetHints":{"allow":["GET"]}}],"collection":[{"href":"https:\/\/waxholmshamn.se\/sv\/wp-json\/wp\/v2\/pages"}],"about":[{"href":"https:\/\/waxholmshamn.se\/sv\/wp-json\/wp\/v2\/types\/page"}],"author":[{"embeddable":true,"href":"https:\/\/waxholmshamn.se\/sv\/wp-json\/wp\/v2\/users\/1"}],"replies":[{"embeddable":true,"href":"https:\/\/waxholmshamn.se\/sv\/wp-json\/wp\/v2\/comments?post=2082"}],"version-history":[{"count":12,"href":"https:\/\/waxholmshamn.se\/sv\/wp-json\/wp\/v2\/pages\/2082\/revisions"}],"predecessor-version":[{"id":2112,"href":"https:\/\/waxholmshamn.se\/sv\/wp-json\/wp\/v2\/pages\/2082\/revisions\/2112"}],"wp:attachment":[{"href":"https:\/\/waxholmshamn.se\/sv\/wp-json\/wp\/v2\/media?parent=2082"}],"curies":[{"name":"wp","href":"https:\/\/api.w.org\/{rel}","templated":true}]}}